{"id":3888,"date":"2016-11-28T17:41:21","date_gmt":"2016-11-28T16:41:21","guid":{"rendered":"http:\/\/reuter.works\/en\/?page_id=3888"},"modified":"2025-09-03T07:44:07","modified_gmt":"2025-09-03T05:44:07","slug":"the-company","status":"publish","type":"page","link":"https:\/\/reuter.works\/en\/the-company\/","title":{"rendered":"The Company"},"content":{"rendered":"<p>[et_pb_section fb_built=&#8221;1&#8243; custom_padding_last_edited=&#8221;on|desktop&#8221; admin_label=&#8221;Section&#8221; _builder_version=&#8221;3.22.3&#8243; background_color=&#8221;#eef0f3&#8243; background_image=&#8221;https:\/\/reuter.works\/wp-content\/uploads\/2016\/11\/Fond_Verfahren.png&#8221; custom_padding=&#8221;100px||100px|&#8221; custom_padding_tablet=&#8221;50px|0|50px|0&#8243; transparent_background=&#8221;off&#8221; padding_mobile=&#8221;off&#8221; make_fullwidth=&#8221;off&#8221; use_custom_width=&#8221;off&#8221; width_unit=&#8221;on&#8221;][et_pb_row padding_mobile=&#8221;off&#8221; column_padding_mobile=&#8221;on&#8221; parallax_method_1=&#8221;off&#8221; admin_label=&#8221;Row&#8221; _builder_version=&#8221;3.22.3&#8243; background_size=&#8221;initial&#8221; background_position=&#8221;top_left&#8221; background_repeat=&#8221;repeat&#8221; make_fullwidth=&#8221;off&#8221; use_custom_width=&#8221;off&#8221; width_unit=&#8221;on&#8221;][et_pb_column type=&#8221;4_4&#8243; _builder_version=&#8221;3.0.47&#8243;][et_pb_text admin_label=&#8221;HL Gestatten? Reuter.&#8221; _builder_version=&#8221;3.0.87&#8243; text_line_height=&#8221;1em&#8221; header_font_size=&#8221;52px&#8221; header_font_size_tablet=&#8221;48px&#8221; header_font_size_phone=&#8221;32px&#8221; header_font_size_last_edited=&#8221;on|phone&#8221; background_size=&#8221;initial&#8221; background_position=&#8221;top_left&#8221; background_repeat=&#8221;repeat&#8221; text_orientation=&#8221;center&#8221; background_layout=&#8221;dark&#8221; module_alignment=&#8221;center&#8221; custom_margin=&#8221;-25px||40px|&#8221; use_border_color=&#8221;off&#8221; border_color=&#8221;#ffffff&#8221; border_style=&#8221;solid&#8221; saved_tabs=&#8221;all&#8221;]<\/p>\n<h1 class=\"p1\"><strong>Reuter: magic metal works<\/strong><\/h1>\n<p>[\/et_pb_text][\/et_pb_column][\/et_pb_row][\/et_pb_section][et_pb_section fb_built=&#8221;1&#8243; custom_padding_last_edited=&#8221;on|desktop&#8221; admin_label=&#8221;Section&#8221; _builder_version=&#8221;3.22.3&#8243; background_color=&#8221;#eef0f3&#8243; custom_padding_tablet=&#8221;50px|0|50px|0&#8243; transparent_background=&#8221;off&#8221; padding_mobile=&#8221;off&#8221; make_fullwidth=&#8221;off&#8221; use_custom_width=&#8221;off&#8221; width_unit=&#8221;on&#8221;][et_pb_row padding_mobile=&#8221;off&#8221; custom_margin=&#8221;-50px|||&#8221; column_padding_mobile=&#8221;on&#8221; parallax_method_1=&#8221;off&#8221; parallax_method_2=&#8221;off&#8221; admin_label=&#8221;Row&#8221; _builder_version=&#8221;3.22.3&#8243; background_size=&#8221;initial&#8221; background_position=&#8221;top_left&#8221; background_repeat=&#8221;repeat&#8221; make_fullwidth=&#8221;off&#8221; use_custom_width=&#8221;off&#8221; width_unit=&#8221;on&#8221;][et_pb_column type=&#8221;1_3&#8243; _builder_version=&#8221;3.0.47&#8243;][et_pb_image src=&#8221;https:\/\/reuter.works\/wp-content\/uploads\/2016\/11\/Buero_Reuter.jpg&#8221; show_in_lightbox=&#8221;on&#8221; use_overlay=&#8221;on&#8221; overlay_icon_color=&#8221;#ffffff&#8221; hover_overlay_color=&#8221;rgba(253,173,2,0.32)&#8221; hover_icon=&#8221;%%51%%&#8221; align=&#8221;center&#8221; admin_label=&#8221;Image&#8221; _builder_version=&#8221;3.0.87&#8243; custom_margin=&#8221;45px|||&#8221; animation_style=&#8221;slide&#8221; animation_direction=&#8221;left&#8221; animation_duration=&#8221;500ms&#8221; animation_intensity_slide=&#8221;10%&#8221; use_border_color=&#8221;off&#8221; border_color=&#8221;#ffffff&#8221; border_style=&#8221;solid&#8221; animation=&#8221;left&#8221; sticky=&#8221;off&#8221;] [\/et_pb_image][et_pb_text admin_label=&#8221;Text&#8221; _builder_version=&#8221;3.0.87&#8243; text_font_size=&#8221;13&#8243; background_size=&#8221;initial&#8221; background_position=&#8221;top_left&#8221; background_repeat=&#8221;repeat&#8221; text_orientation=&#8221;center&#8221; module_alignment=&#8221;center&#8221; custom_margin=&#8221;-20px|||&#8221; use_border_color=&#8221;off&#8221; border_color=&#8221;#ffffff&#8221; border_style=&#8221;solid&#8221;]Head office of the company\u00a0Reuter in Erkrath near D\u00fcsseldorf[\/et_pb_text][et_pb_image src=&#8221;https:\/\/reuter.works\/wp-content\/uploads\/Logo_QM-Zertifikat.png&#8221; url=&#8221;https:\/\/www.certipedia.com\/quality_marks\/9000034122&#8243; url_new_window=&#8221;on&#8221; use_overlay=&#8221;on&#8221; overlay_icon_color=&#8221;#ffffff&#8221; hover_overlay_color=&#8221;rgba(253,173,2,0.32)&#8221; hover_icon=&#8221;%%51%%&#8221; align=&#8221;center&#8221; admin_label=&#8221;Image&#8221; _builder_version=&#8221;3.22.5&#8243; width=&#8221;80%&#8221; custom_margin=&#8221;45px|||&#8221; animation_style=&#8221;slide&#8221; animation_direction=&#8221;left&#8221; animation_duration=&#8221;500ms&#8221; animation_intensity_slide=&#8221;10%&#8221; use_border_color=&#8221;off&#8221; border_color=&#8221;#ffffff&#8221; border_style=&#8221;solid&#8221; animation=&#8221;left&#8221; sticky=&#8221;off&#8221;] [\/et_pb_image][et_pb_text admin_label=&#8221;Text&#8221; _builder_version=&#8221;3.22.5&#8243; text_font=&#8221;||||||||&#8221; text_font_size=&#8221;13&#8243; text_line_height=&#8221;1.2em&#8221; background_size=&#8221;initial&#8221; background_position=&#8221;top_left&#8221; background_repeat=&#8221;repeat&#8221; text_orientation=&#8221;center&#8221; module_alignment=&#8221;center&#8221; custom_margin=&#8221;-20px|||&#8221; use_border_color=&#8221;off&#8221; border_color=&#8221;#ffffff&#8221; border_style=&#8221;solid&#8221;]<\/p>\n<p style=\"text-align: center;\">Quality Management<br \/>certified by T\u00dcV Rheinland<\/p>\n<p>[\/et_pb_text][\/et_pb_column][et_pb_column type=&#8221;2_3&#8243; _builder_version=&#8221;3.0.47&#8243;][et_pb_text admin_label=&#8221;Text&#8221; _builder_version=&#8221;3.22.5&#8243; background_size=&#8221;initial&#8221; background_position=&#8221;top_left&#8221; background_repeat=&#8221;repeat&#8221; use_border_color=&#8221;off&#8221; border_color=&#8221;#ffffff&#8221; border_style=&#8221;solid&#8221;]<\/p>\n<h2 class=\"p1\"><strong><span class=\"s1\">The system supplier <\/span><\/strong><\/h2>\n<p><strong>Weld seam cleaning with a carbon fibre brush \u2013 who perfected it? That&#8217;s right, Reuter.\u2028<\/strong><\/p>\n<p>Welding engineer Olaf Reuter founded the company in Erkrath in 2009 to redefine electrochemical metalworking. Today, the files are filled with patents \u2013 and the product range sets standards \u2028for trade and industry:<\/p>\n<ul>\n<li><strong>Extremely robust carbon fibre brushes<\/strong> with up to 4.5 million fibres on ergonomic PTFE handles<\/li>\n<li><strong>Powerful cleaning devices<\/strong> for mobile or industrial use<\/li>\n<li><strong>Non-toxic cleaning electrolytes<\/strong> based on high-quality mineral acids<\/li>\n<li><strong>Innovative productivity boosters<\/strong> such as automatic electrolyte supply, ergonomic WorkStations<br \/>and much more<\/li>\n<\/ul>\n<p>Reuter products are known for <strong>maximum durability<\/strong> and indestructible <strong>quality made in Germany<\/strong>. \u2028The range is growing with the customers; today Reuter also designs complete <strong>industrial workstations<\/strong> through to fully automated <strong>robot cells<\/strong>.<\/p>\n<p><strong>Do you have any questions about our products \u2013 or a special challenge? \u2028<\/strong><br \/>Talk to us. Send us your material samples. We will work it out for you.<\/p>\n<p>[\/et_pb_text][et_pb_divider color=&#8221;#ccd2dc&#8221; _builder_version=&#8221;3.22.5&#8243;][\/et_pb_divider][\/et_pb_column][\/et_pb_row][et_pb_row admin_label=&#8221;Row&#8221; _builder_version=&#8221;3.22.3&#8243; background_size=&#8221;initial&#8221; background_position=&#8221;top_left&#8221; background_repeat=&#8221;repeat&#8221;][et_pb_column type=&#8221;1_3&#8243; _builder_version=&#8221;3.0.47&#8243;][et_pb_image src=&#8221;https:\/\/reuter.works\/wp-content\/uploads\/WZ_oZ_blau.png&#8221; url=&#8221;https:\/\/www.wzv-rostfrei.de\/&#8221; url_new_window=&#8221;on&#8221; align=&#8221;center&#8221; admin_label=&#8221;Image&#8221; _builder_version=&#8221;3.22.5&#8243; width=&#8221;42%&#8221; custom_margin=&#8221;|||&#8221; animation_style=&#8221;slide&#8221; animation_direction=&#8221;left&#8221; animation_duration=&#8221;500ms&#8221; animation_intensity_slide=&#8221;10%&#8221; use_border_color=&#8221;off&#8221; border_color=&#8221;#ffffff&#8221; border_style=&#8221;solid&#8221; animation=&#8221;left&#8221; sticky=&#8221;off&#8221;] [\/et_pb_image][et_pb_text admin_label=&#8221;Text&#8221; _builder_version=&#8221;3.22.5&#8243; text_font=&#8221;||||||||&#8221; text_font_size=&#8221;13&#8243; text_line_height=&#8221;1.2em&#8221; background_size=&#8221;initial&#8221; background_position=&#8221;top_left&#8221; background_repeat=&#8221;repeat&#8221; text_orientation=&#8221;center&#8221; module_alignment=&#8221;center&#8221; custom_margin=&#8221;-20px|||&#8221; use_border_color=&#8221;off&#8221; border_color=&#8221;#ffffff&#8221; border_style=&#8221;solid&#8221;]<\/p>\n<p style=\"text-align: center;\">Information centre Stainless Steel (ISER)<br \/> <em>\u2013 Membership \u2013<\/em><\/p>\n<p>[\/et_pb_text][et_pb_image src=&#8221;https:\/\/reuter.works\/wp-content\/uploads\/Logo_DIN.png&#8221; url=&#8221;https:\/\/www.din.de\/de&#8221; url_new_window=&#8221;on&#8221; align=&#8221;center&#8221; admin_label=&#8221;Image&#8221; _builder_version=&#8221;3.22.5&#8243; width=&#8221;40%&#8221; custom_margin=&#8221;|||&#8221; animation_style=&#8221;slide&#8221; animation_direction=&#8221;left&#8221; animation_duration=&#8221;500ms&#8221; animation_intensity_slide=&#8221;10%&#8221; use_border_color=&#8221;off&#8221; border_color=&#8221;#ffffff&#8221; border_style=&#8221;solid&#8221; animation=&#8221;left&#8221; sticky=&#8221;off&#8221;] [\/et_pb_image][et_pb_text admin_label=&#8221;Text&#8221; _builder_version=&#8221;3.22.5&#8243; text_font=&#8221;||||||||&#8221; text_font_size=&#8221;13&#8243; text_line_height=&#8221;1.2em&#8221; background_size=&#8221;initial&#8221; background_position=&#8221;top_left&#8221; background_repeat=&#8221;repeat&#8221; text_orientation=&#8221;center&#8221; module_alignment=&#8221;center&#8221; custom_margin=&#8221;-20px|||&#8221; use_border_color=&#8221;off&#8221; border_color=&#8221;#ffffff&#8221; border_style=&#8221;solid&#8221;]<\/p>\n<p style=\"text-align: center;\">German Institute for Standardisation<br \/><em>\u2013 Membership, committee work \u2013<\/em><\/p>\n<p>[\/et_pb_text][et_pb_image src=&#8221;https:\/\/reuter.works\/wp-content\/uploads\/Logo_ASTM.png&#8221; url=&#8221;https:\/\/www.astm.org&#8221; url_new_window=&#8221;on&#8221; align=&#8221;center&#8221; admin_label=&#8221;Image&#8221; _builder_version=&#8221;3.22.5&#8243; width=&#8221;40%&#8221; custom_margin=&#8221;|||&#8221; animation_style=&#8221;slide&#8221; animation_direction=&#8221;left&#8221; animation_duration=&#8221;500ms&#8221; animation_intensity_slide=&#8221;10%&#8221; use_border_color=&#8221;off&#8221; border_color=&#8221;#ffffff&#8221; border_style=&#8221;solid&#8221; animation=&#8221;left&#8221; sticky=&#8221;off&#8221;] [\/et_pb_image][et_pb_text admin_label=&#8221;Text&#8221; _builder_version=&#8221;3.22.5&#8243; text_font=&#8221;||||||||&#8221; text_font_size=&#8221;13&#8243; text_line_height=&#8221;1.2em&#8221; background_size=&#8221;initial&#8221; background_position=&#8221;top_left&#8221; background_repeat=&#8221;repeat&#8221; text_orientation=&#8221;center&#8221; module_alignment=&#8221;center&#8221; custom_margin=&#8221;|||&#8221; use_border_color=&#8221;off&#8221; border_color=&#8221;#ffffff&#8221; border_style=&#8221;solid&#8221;]<\/p>\n<p style=\"text-align: center;\">American Society for Testing and Materials<br \/>US standards organisation, Pennsylvania<br \/><em>\u2013 Membership \u2013<\/em><\/p>\n<p>[\/et_pb_text][et_pb_image src=&#8221;https:\/\/reuter.works\/wp-content\/uploads\/Logo_ASME.png&#8221; url=&#8221;https:\/\/www.asme.org\/&#8221; url_new_window=&#8221;on&#8221; align=&#8221;center&#8221; admin_label=&#8221;Image&#8221; _builder_version=&#8221;3.22.5&#8243; width=&#8221;40%&#8221; custom_margin=&#8221;|||&#8221; animation_style=&#8221;slide&#8221; animation_direction=&#8221;left&#8221; animation_duration=&#8221;500ms&#8221; animation_intensity_slide=&#8221;10%&#8221; use_border_color=&#8221;off&#8221; border_color=&#8221;#ffffff&#8221; border_style=&#8221;solid&#8221; animation=&#8221;left&#8221; sticky=&#8221;off&#8221;] [\/et_pb_image][et_pb_text admin_label=&#8221;Text&#8221; _builder_version=&#8221;3.22.5&#8243; text_font=&#8221;||||||||&#8221; text_font_size=&#8221;13&#8243; text_line_height=&#8221;1.2em&#8221; background_size=&#8221;initial&#8221; background_position=&#8221;top_left&#8221; background_repeat=&#8221;repeat&#8221; text_orientation=&#8221;center&#8221; module_alignment=&#8221;center&#8221; custom_margin=&#8221;|||&#8221; use_border_color=&#8221;off&#8221; border_color=&#8221;#ffffff&#8221; border_style=&#8221;solid&#8221;]<\/p>\n<p style=\"text-align: center;\">American Society of Mechanical Engineers<br \/>US standards organisation, New York<br \/><em>\u2013 Membership \u2013<\/em><\/p>\n<p>[\/et_pb_text][et_pb_image src=&#8221;https:\/\/reuter.works\/wp-content\/uploads\/Logo_DVS-Verband.png&#8221; url=&#8221;https:\/\/www.dvs-home.de&#8221; url_new_window=&#8221;on&#8221; align=&#8221;center&#8221; admin_label=&#8221;Image&#8221; _builder_version=&#8221;3.22.5&#8243; width=&#8221;65%&#8221; custom_margin=&#8221;|||&#8221; animation_style=&#8221;slide&#8221; animation_direction=&#8221;left&#8221; animation_duration=&#8221;500ms&#8221; animation_intensity_slide=&#8221;10%&#8221; use_border_color=&#8221;off&#8221; border_color=&#8221;#ffffff&#8221; border_style=&#8221;solid&#8221; animation=&#8221;left&#8221; sticky=&#8221;off&#8221;] [\/et_pb_image][et_pb_text admin_label=&#8221;Text&#8221; _builder_version=&#8221;3.22.5&#8243; text_font=&#8221;||||||||&#8221; text_font_size=&#8221;13&#8243; text_line_height=&#8221;1.2em&#8221; background_size=&#8221;initial&#8221; background_position=&#8221;top_left&#8221; background_repeat=&#8221;repeat&#8221; text_orientation=&#8221;center&#8221; module_alignment=&#8221;center&#8221; custom_margin=&#8221;|||&#8221; use_border_color=&#8221;off&#8221; border_color=&#8221;#ffffff&#8221; border_style=&#8221;solid&#8221;]<\/p>\n<p style=\"text-align: center;\">German Association for Welding Technology<br \/><em>\u2013 Membership \u2013<\/em><\/p>\n<p>[\/et_pb_text][\/et_pb_column][et_pb_column type=&#8221;1_3&#8243; _builder_version=&#8221;3.0.47&#8243;][et_pb_text admin_label=&#8221;Text&#8221; _builder_version=&#8221;3.22.5&#8243; background_size=&#8221;initial&#8221; background_position=&#8221;top_left&#8221; background_repeat=&#8221;repeat&#8221; use_border_color=&#8221;off&#8221; border_color=&#8221;#ffffff&#8221; border_style=&#8221;solid&#8221;]<\/p>\n<p class=\"p1\"><strong>Mechanical engineer and welding engineer Olaf Reuter<\/strong>, owner of Reuter GmbH &amp; Co. KG, stands for solid know-how in this sector. 30 years of experience in arc welding technology and voluntary engagement in DIN committees stands for practical expertise.<\/p>\n<p>[\/et_pb_text][\/et_pb_column][et_pb_column type=&#8221;1_3&#8243; _builder_version=&#8221;3.0.47&#8243;][et_pb_image src=&#8221;https:\/\/reuter.works\/wp-content\/uploads\/2016\/11\/Olaf-Reuter.png&#8221; alt=&#8221;Maschinenbauer und Schwei\u00dffachingenieur Dipl.-Ing. Olaf Reuter, Inhaber der Firma Reuter GmbH &#038; Co. KG&#8221; title_text=&#8221;Maschinenbauer und Schwei\u00dffachingenieur Dipl.-Ing. Olaf Reuter, Inhaber der Firma Reuter GmbH &#038; Co. KG&#8221; admin_label=&#8221;Image&#8221; _builder_version=&#8221;3.0.87&#8243; max_width=&#8221;240px&#8221; min_height=&#8221;245px&#8221; custom_margin=&#8221;-24px|||||&#8221; custom_padding=&#8221;||9px|||&#8221; animation_style=&#8221;slide&#8221; animation_direction=&#8221;right&#8221; animation_duration=&#8221;500ms&#8221; animation_intensity_slide=&#8221;10%&#8221; use_border_color=&#8221;off&#8221; border_color=&#8221;#ffffff&#8221; border_style=&#8221;solid&#8221; animation=&#8221;right&#8221; sticky=&#8221;off&#8221;] [\/et_pb_image][\/et_pb_column][\/et_pb_row][\/et_pb_section]<\/p>\n","protected":false},"excerpt":{"rendered":"<p>[et_pb_section fb_built=&#8221;1&#8243; custom_padding_last_edited=&#8221;on|desktop&#8221; admin_label=&#8221;Section&#8221; _builder_version=&#8221;3.22.3&#8243; background_color=&#8221;#eef0f3&#8243; background_image=&#8221;https:\/\/reuter.works\/wp-content\/uploads\/2016\/11\/Fond_Verfahren.png&#8221; custom_padding=&#8221;100px||100px|&#8221; custom_padding_tablet=&#8221;50px|0|50px|0&#8243; transparent_background=&#8221;off&#8221; padding_mobile=&#8221;off&#8221; make_fullwidth=&#8221;off&#8221; use_custom_width=&#8221;off&#8221; width_unit=&#8221;on&#8221;][et_pb_row padding_mobile=&#8221;off&#8221; column_padding_mobile=&#8221;on&#8221; parallax_method_1=&#8221;off&#8221; admin_label=&#8221;Row&#8221; _builder_version=&#8221;3.22.3&#8243; background_size=&#8221;initial&#8221; background_position=&#8221;top_left&#8221; background_repeat=&#8221;repeat&#8221; make_fullwidth=&#8221;off&#8221; use_custom_width=&#8221;off&#8221; width_unit=&#8221;on&#8221;][et_pb_column type=&#8221;4_4&#8243; _builder_version=&#8221;3.0.47&#8243;][et_pb_text admin_label=&#8221;HL Gestatten? Reuter.&#8221; _builder_version=&#8221;3.0.87&#8243; text_line_height=&#8221;1em&#8221; header_font_size=&#8221;52px&#8221; header_font_size_tablet=&#8221;48px&#8221; header_font_size_phone=&#8221;32px&#8221; header_font_size_last_edited=&#8221;on|phone&#8221; background_size=&#8221;initial&#8221; background_position=&#8221;top_left&#8221; background_repeat=&#8221;repeat&#8221; text_orientation=&#8221;center&#8221; background_layout=&#8221;dark&#8221; module_alignment=&#8221;center&#8221; custom_margin=&#8221;-25px||40px|&#8221; use_border_color=&#8221;off&#8221; border_color=&#8221;#ffffff&#8221; border_style=&#8221;solid&#8221; saved_tabs=&#8221;all&#8221;] Reuter: magic metal works [\/et_pb_text][\/et_pb_column][\/et_pb_row][\/et_pb_section][et_pb_section fb_built=&#8221;1&#8243; custom_padding_last_edited=&#8221;on|desktop&#8221; admin_label=&#8221;Section&#8221; [&hellip;]<\/p>\n","protected":false},"author":1,"featured_media":0,"parent":0,"menu_order":0,"comment_status":"closed","ping_status":"closed","template":"","meta":{"_et_pb_use_builder":"on","_et_pb_old_content":"<p>[et_pb_section admin_label=\"Section\" fullwidth=\"off\" specialty=\"off\" transparent_background=\"off\" background_color=\"#eef0f3\" allow_player_pause=\"off\" inner_shadow=\"off\" parallax=\"off\" parallax_method=\"off\" padding_mobile=\"off\" make_fullwidth=\"off\" use_custom_width=\"off\" width_unit=\"on\" make_equal=\"off\" use_custom_gutter=\"off\" background_image=\"http:\/\/reuter.works\/wp-content\/uploads\/2016\/11\/Fond_Verfahren.png\" custom_padding=\"100px||100px|\"][et_pb_row admin_label=\"Row\" make_fullwidth=\"off\" use_custom_width=\"off\" width_unit=\"on\" use_custom_gutter=\"off\" padding_mobile=\"off\" allow_player_pause=\"off\" parallax=\"off\" parallax_method=\"off\" make_equal=\"off\" parallax_1=\"off\" parallax_method_1=\"off\" column_padding_mobile=\"on\"][et_pb_column type=\"4_4\"][et_pb_text admin_label=\"HL Gestatten? Reuter.\" background_layout=\"dark\" text_orientation=\"center\" use_border_color=\"off\" border_color=\"#ffffff\" border_style=\"solid\" header_font_size=\"52px\" text_line_height=\"1em\" custom_margin=\"-25px||40px|\" header_font_size_last_edited=\"on|phone\" saved_tabs=\"all\" header_font_size_tablet=\"48px\" header_font_size_phone=\"32px\"]<\/p><h1 class=\"p1\"><strong>Reuter: magic metal works<\/strong><\/h1><p>[\/et_pb_text][\/et_pb_column][\/et_pb_row][\/et_pb_section][et_pb_section admin_label=\"Section\" fullwidth=\"off\" specialty=\"off\" transparent_background=\"off\" background_color=\"#eef0f3\" allow_player_pause=\"off\" inner_shadow=\"off\" parallax=\"off\" parallax_method=\"off\" padding_mobile=\"off\" make_fullwidth=\"off\" use_custom_width=\"off\" width_unit=\"on\" make_equal=\"off\" use_custom_gutter=\"off\"][et_pb_row admin_label=\"Row\" make_fullwidth=\"off\" use_custom_width=\"off\" width_unit=\"on\" use_custom_gutter=\"off\" padding_mobile=\"off\" custom_margin=\"-50px|||\" allow_player_pause=\"off\" parallax=\"off\" parallax_method=\"off\" make_equal=\"off\" parallax_1=\"off\" parallax_method_1=\"off\" parallax_2=\"off\" parallax_method_2=\"off\" column_padding_mobile=\"on\"][et_pb_column type=\"1_3\"][et_pb_image admin_label=\"Image\" src=\"http:\/\/reuter.works\/wp-content\/uploads\/2016\/11\/Buero_Reuter.jpg\" show_in_lightbox=\"on\" url_new_window=\"off\" use_overlay=\"on\" animation=\"left\" sticky=\"off\" align=\"center\" force_fullwidth=\"off\" always_center_on_mobile=\"on\" use_border_color=\"off\" border_color=\"#ffffff\" border_style=\"solid\" overlay_icon_color=\"#ffffff\" hover_overlay_color=\"rgba(253,173,2,0.32)\" hover_icon=\"%%51%%\" custom_margin=\"45px|||\"] [\/et_pb_image][et_pb_text admin_label=\"Text\" background_layout=\"light\" text_orientation=\"center\" text_font_size=\"13\" use_border_color=\"off\" border_color=\"#ffffff\" border_style=\"solid\" custom_margin=\"-20px|||\"]<\/p><p>Sitz der Firma Reuter in Erkrath bei D\u00fcsseldorf<\/p><p>[\/et_pb_text][\/et_pb_column][et_pb_column type=\"2_3\"][et_pb_text admin_label=\"Text\" background_layout=\"light\" text_orientation=\"left\" use_border_color=\"off\" border_color=\"#ffffff\" border_style=\"solid\"]<\/p><h2 class=\"p1\"><strong><span class=\"s1\">Gestatten? Reuter.<\/span><\/strong><\/h2><p class=\"p1\"><span class=\"s1\">Die Firma Reuter GmbH & Co. KG fertigt in Erkarth bei D\u00fcsseldorf modernste Technologie zum elektrochemischen Reinigen \u2013 Polieren \u2013 Signieren. S\u00e4mtliche angebotenen Ger\u00e4te werden selbst entwickelt und in Serie produziert. Zahlreiche Technologien sind patentiert oder unterliegen dem Gebrauchsmusterschutz. Hinter jeder Ger\u00e4teline steht der hauseigene Anspruch ,magic metal works\u2018:<\/span><\/p><ul><li class=\"p1\"><span class=\"s1\">smarte L\u00f6sungen, die wesentlich aufw\u00e4ndigere Technologien\u00a0<\/span>ersetzen k\u00f6nnen;<\/li><li class=\"p1\"><span class=\"s1\">einfachste Bedienbarkeit<\/span><\/li><li class=\"p1\"><span class=\"s1\">skalierbare Produktpalette \u2013 f\u00fcr Handwerk und Industrie<\/span><\/li><li class=\"p1\"><span class=\"s1\">100 % Made in Germany<\/span><\/li><li class=\"p1\"><span class=\"s1\">hohe Dauerbelastbarkeit mit 100 % ED<\/span><\/li><li class=\"p1\"><span class=\"s1\">herausragendes Preis-Leistungs-Verh\u00e4ltnis<\/span><\/li><\/ul><p>[\/et_pb_text][et_pb_text admin_label=\"Text\" background_layout=\"light\" text_orientation=\"left\" use_border_color=\"off\" border_color=\"#ffffff\" border_style=\"solid\"]<\/p><p class=\"p1\"><span class=\"s1\"><b>Haben Sie Fragen zu unseren Produkten \u2013 oder vielleicht\u00a0<\/b><\/span><span class=\"s1\"><b>eine spezielle Aufgabe, die Ihnen Kopfzerbrechen bereitet?\u00a0<\/b><\/span><span class=\"s1\">Sprechen Sie uns an. Senden Sie uns Ihre Materialproben.\u00a0<\/span><span class=\"s1\">Wir t\u00fcfteln das f\u00fcr Sie aus.<\/span><\/p><p>[\/et_pb_text][\/et_pb_column][\/et_pb_row][et_pb_row admin_label=\"Row\"][et_pb_column type=\"1_3\"][\/et_pb_column][et_pb_column type=\"1_3\"][et_pb_text admin_label=\"Text\" background_layout=\"light\" text_orientation=\"left\" use_border_color=\"off\" border_color=\"#ffffff\" border_style=\"solid\"]<\/p><p class=\"p1\"><span class=\"s1\">Maschinenbauer und Schwei\u00dffachingenieur Dipl.-Ing. Olaf Reuter, Inhaber der Firma Reuter GmbH & Co. KG, steht in der Branche f\u00fcr solides Know-how. \u00dcber 25 Jahre Berufserfahrung in der Lichtbogen-Schwei\u00dftechnik und ehrenamtliche T\u00e4tigkeiten in DIN-Aussch\u00fcssen stehen f\u00fcr praxisnahe Expertise.<\/span><\/p><p>[\/et_pb_text][\/et_pb_column][et_pb_column type=\"1_3\"][et_pb_image admin_label=\"Image\" src=\"http:\/\/reuter.works\/wp-content\/uploads\/2016\/11\/Olaf-Reuter.png\" show_in_lightbox=\"off\" url_new_window=\"off\" use_overlay=\"off\" animation=\"right\" sticky=\"off\" align=\"left\" max_width=\"240px\" force_fullwidth=\"off\" always_center_on_mobile=\"on\" use_border_color=\"off\" border_color=\"#ffffff\" border_style=\"solid\" alt=\"Maschinenbauer und Schwei\u00dffachingenieur Dipl.-Ing. Olaf Reuter, Inhaber der Firma Reuter GmbH & Co. KG\" title_text=\"Maschinenbauer und Schwei\u00dffachingenieur Dipl.-Ing. Olaf Reuter, Inhaber der Firma Reuter GmbH & Co. KG\" custom_margin=\"-40px|||\"] [\/et_pb_image][\/et_pb_column][\/et_pb_row][\/et_pb_section]<\/p>","footnotes":""},"class_list":["post-3888","page","type-page","status-publish","hentry"],"_links":{"self":[{"href":"https:\/\/reuter.works\/en\/wp-json\/wp\/v2\/pages\/3888","targetHints":{"allow":["GET"]}}],"collection":[{"href":"https:\/\/reuter.works\/en\/wp-json\/wp\/v2\/pages"}],"about":[{"href":"https:\/\/reuter.works\/en\/wp-json\/wp\/v2\/types\/page"}],"author":[{"embeddable":true,"href":"https:\/\/reuter.works\/en\/wp-json\/wp\/v2\/users\/1"}],"replies":[{"embeddable":true,"href":"https:\/\/reuter.works\/en\/wp-json\/wp\/v2\/comments?post=3888"}],"version-history":[{"count":0,"href":"https:\/\/reuter.works\/en\/wp-json\/wp\/v2\/pages\/3888\/revisions"}],"wp:attachment":[{"href":"https:\/\/reuter.works\/en\/wp-json\/wp\/v2\/media?parent=3888"}],"curies":[{"name":"wp","href":"https:\/\/api.w.org\/{rel}","templated":true}]}}