{"id":4475,"date":"2017-02-09T12:20:30","date_gmt":"2017-02-09T11:20:30","guid":{"rendered":"http:\/\/reuter.works\/?page_id=4475\/"},"modified":"2022-12-10T10:59:15","modified_gmt":"2022-12-10T09:59:15","slug":"impressum","status":"publish","type":"page","link":"https:\/\/reuter.works\/en\/impressum\/","title":{"rendered":"Imprint"},"content":{"rendered":"<p>[et_pb_section fb_built=&#8221;1&#8243; custom_padding_last_edited=&#8221;on|desktop&#8221; admin_label=&#8221;Section&#8221; _builder_version=&#8221;3.22.3&#8243; background_color=&#8221;#eef0f3&#8243; background_image=&#8221;https:\/\/reuter.works\/wp-content\/uploads\/2016\/11\/Fond_Verfahren.png&#8221; custom_padding=&#8221;100px||100px|&#8221; custom_padding_tablet=&#8221;50px|0|50px|0&#8243; transparent_background=&#8221;off&#8221; padding_mobile=&#8221;off&#8221; make_fullwidth=&#8221;off&#8221; use_custom_width=&#8221;off&#8221; width_unit=&#8221;on&#8221;][et_pb_row padding_mobile=&#8221;off&#8221; column_padding_mobile=&#8221;on&#8221; parallax_method_1=&#8221;off&#8221; admin_label=&#8221;Row&#8221; _builder_version=&#8221;3.22.3&#8243; background_size=&#8221;initial&#8221; background_position=&#8221;top_left&#8221; background_repeat=&#8221;repeat&#8221; make_fullwidth=&#8221;off&#8221; use_custom_width=&#8221;off&#8221; width_unit=&#8221;on&#8221;][et_pb_column type=&#8221;4_4&#8243; _builder_version=&#8221;3.0.47&#8243;][et_pb_text admin_label=&#8221;HL Elektrochemisch&#8221; _builder_version=&#8221;3.0.87&#8243; header_text_color=&#8221;#fa8704&#8243; header_font_size=&#8221;36px&#8221; header_font_size_tablet=&#8221;28px&#8221; header_font_size_phone=&#8221;26px&#8221; header_font_size_last_edited=&#8221;on|phone&#8221; background_size=&#8221;initial&#8221; background_position=&#8221;top_left&#8221; background_repeat=&#8221;repeat&#8221; text_orientation=&#8221;center&#8221; module_alignment=&#8221;center&#8221; custom_margin=&#8221;-40px|||&#8221; use_border_color=&#8221;off&#8221; border_color=&#8221;#ffffff&#8221; border_style=&#8221;solid&#8221;]<\/p>\n<h1><strong>Electrochemical<\/strong><\/h1>\n<p>[\/et_pb_text][et_pb_text admin_label=&#8221;HL Reinigen, Polieren, Signieren&#8221; _builder_version=&#8221;3.0.87&#8243; text_line_height=&#8221;1em&#8221; header_font_size=&#8221;52px&#8221; header_font_size_tablet=&#8221;48px&#8221; header_font_size_phone=&#8221;32px&#8221; header_font_size_last_edited=&#8221;on|phone&#8221; header_letter_spacing=&#8221;1px&#8221; background_size=&#8221;initial&#8221; background_position=&#8221;top_left&#8221; background_repeat=&#8221;repeat&#8221; text_orientation=&#8221;center&#8221; background_layout=&#8221;dark&#8221; module_alignment=&#8221;center&#8221; custom_margin=&#8221;-25px||40px|&#8221; use_border_color=&#8221;off&#8221; border_color=&#8221;#ffffff&#8221; border_style=&#8221;solid&#8221; saved_tabs=&#8221;all&#8221;]<\/p>\n<h1 class=\"p1\"><strong>Cleaning, Polishing, Marking<\/strong><\/h1>\n<p>[\/et_pb_text][\/et_pb_column][\/et_pb_row][\/et_pb_section][et_pb_section fb_built=&#8221;1&#8243; custom_padding_last_edited=&#8221;on|desktop&#8221; admin_label=&#8221;Section&#8221; _builder_version=&#8221;3.22.3&#8243; background_color=&#8221;rgba(255,255,255,0)&#8221; custom_padding=&#8221;0px|||&#8221; custom_padding_tablet=&#8221;50px|0|50px|0&#8243; transparent_background=&#8221;off&#8221; padding_mobile=&#8221;off&#8221; make_fullwidth=&#8221;off&#8221; use_custom_width=&#8221;off&#8221; width_unit=&#8221;on&#8221;][et_pb_row admin_label=&#8221;Row&#8221; _builder_version=&#8221;3.22.3&#8243; background_size=&#8221;initial&#8221; background_position=&#8221;top_left&#8221; background_repeat=&#8221;repeat&#8221;][et_pb_column type=&#8221;4_4&#8243; _builder_version=&#8221;3.0.47&#8243;][et_pb_text admin_label=&#8221;Text&#8221; _builder_version=&#8221;3.0.87&#8243; background_size=&#8221;initial&#8221; background_position=&#8221;top_left&#8221; background_repeat=&#8221;repeat&#8221; use_border_color=&#8221;off&#8221; border_color=&#8221;#ffffff&#8221; border_style=&#8221;solid&#8221;]<\/p>\n<h1>Imprint<\/h1>\n<p>[\/et_pb_text][\/et_pb_column][\/et_pb_row][et_pb_row padding_mobile=&#8221;off&#8221; custom_margin=&#8221;-30px|||&#8221; column_padding_mobile=&#8221;on&#8221; parallax_method_1=&#8221;off&#8221; parallax_method_2=&#8221;off&#8221; admin_label=&#8221;Row&#8221; _builder_version=&#8221;3.22.3&#8243; background_size=&#8221;initial&#8221; background_position=&#8221;top_left&#8221; background_repeat=&#8221;repeat&#8221; make_fullwidth=&#8221;off&#8221; use_custom_width=&#8221;off&#8221; width_unit=&#8221;on&#8221;][et_pb_column type=&#8221;1_3&#8243; _builder_version=&#8221;3.0.47&#8243;][et_pb_text admin_label=&#8221;Text&#8221; _builder_version=&#8221;3.22.5&#8243; background_size=&#8221;initial&#8221; background_position=&#8221;top_left&#8221; background_repeat=&#8221;repeat&#8221; use_border_color=&#8221;off&#8221; border_color=&#8221;#ffffff&#8221; border_style=&#8221;solid&#8221;]<\/p>\n<p class=\"p1\"><strong>Published by:<\/strong><\/p>\n<p class=\"p1\"><strong><span class=\"s1\">Reuter GmbH &amp; Co. KG<\/span><\/strong><br \/><span class=\"s1\">Schimmelbuschstr. 9e<br \/><\/span><span class=\"s1\">40699 Erkrath \u2013\u00a0<\/span><span class=\"s1\">GERMANY<br \/><\/span><\/p>\n<p>Phone\u00a0<span class=\"s1\">\u00a0+49 211 73060-430<\/span><\/p>\n<p>Mail\u00a0 \u00a0 mail@reuter.works<br \/>Web\u00a0 \u00a0www.reuter.works<\/p>\n<p><span class=\"s1\">Managing director: Olaf Reuter<br \/><\/span>Commercial Register D\u00fcsseldorf, HRA 20642<br \/>General partner:<br \/>Reuter Verwaltungs-GmbH, HRB 61324<\/p>\n<p>Tax-Nr.: 147\/5936\/0921<br \/>Turnover tax ID no.: DE815099556<\/p>\n<p>Copyright \u00a9\u00a0Reuter GmbH &amp; Co. KG<\/p>\n<p>&nbsp;<\/p>\n<p>[\/et_pb_text][\/et_pb_column][et_pb_column type=&#8221;2_3&#8243; _builder_version=&#8221;3.0.47&#8243;][et_pb_text disabled_on=&#8221;on|on|on&#8221; admin_label=&#8221;Text&#8221; _builder_version=&#8221;3.0.87&#8243; background_size=&#8221;initial&#8221; background_position=&#8221;top_left&#8221; background_repeat=&#8221;repeat&#8221; use_border_color=&#8221;off&#8221; border_color=&#8221;#ffffff&#8221; border_style=&#8221;solid&#8221; disabled=&#8221;on&#8221;]<strong>Verwendung der Websites und rechtliche Hinweise<\/strong><br \/>\nDie Informationen auf diesen Websites sind unverbindlich und werden ausschlie\u00dflich zu Informationszwecken zur Verf\u00fcgung gestellt. Sie haben lediglich Informationscharakter und sind keine Offerten \/ Angebote im Sinne der anwendbaren gesetzlichen Bestimmungen. Auf der Grundlage der auf der Website enthaltenden Informationen kann kein Vertragsverh\u00e4ltnis hinsichtlich der vorgestellten Produkte und Dienstleistungen entstehen.<br \/>\nDie Informationen auf diesen Websites sowie die in diesen Informationen beschriebenen Produkte und Dienstleistungen k\u00f6nnen ohne vorherige Ank\u00fcndigung des Herausgebers jederzeit ge\u00e4ndert oder aktualisiert werden. Soweit nicht ausdr\u00fccklich anderweitig erkl\u00e4rt, enthalten die Websites des Herausgebers keinerlei Garantien oder Beschaffenheitsangaben, f\u00fcr welche der Herausgeber haftet, sei es ausdr\u00fccklich oder stillschweigend auch nicht hinsichtlich der Aktualit\u00e4t, Korrektheit, Vollst\u00e4ndigkeit und Qualit\u00e4t der Informationen.<\/p>\n<p><strong>Haftungsausschluss<\/strong><br \/>\nDer Herausgeber \u00fcbernimmt keine Haftung im Zusammenhang mit ihren Websites. Eine Haftung f\u00fcr jegliche unmittelbaren oder mittelbaren Sch\u00e4den, Schadenersatzforderungen, Folgesch\u00e4den gleich welcher Art und aus welchem Rechtsgrund, die durch den Zugriff oder die Verwendung der Websites entstehen, insbesondere auch durch Infizierung mit Viren, ist ausgeschlossen.<br \/>\nF\u00fcr die Begr\u00fcndung und Einhaltung von Verpflichtungen sowie die Haftung des Herausgebers f\u00fcr seine Produkte und Dienstleistungen sind ausschlie\u00dflich die jeweils \u00fcber sie abgeschlossenen vertraglichen Vereinbarungen ma\u00dfgeblich.<\/p>\n<p><strong>Erhebung personenbezogener Daten<\/strong><br \/>\nPersonenbezogene Daten sind Informationen \u00fcber pers\u00f6nliche oder sachliche Verh\u00e4ltnisse einer bestimmten oder bestimmbaren nat\u00fcrlichen Person. Bei jedem Zugriff eines Nutzers auf unsere Internetseiten und bei jedem Abruf einer Datei werden Daten \u00fcber diesen Vorgang in einer Protokolldatei gespeichert. Diese Daten (z.B. IP-Adresse, Datum, Uhrzeit und aufgerufene Seiten) lassen in der Regel jedoch keine Identifizierung zu, sind also f\u00fcr uns nicht personenbezogen. Lediglich die Auswertung in anonymisierter Form f\u00fcr statistische Zwecke bleibt vorbehalten.<\/p>\n<p><strong>Verarbeitung personenbezogener Daten<\/strong><br \/>\nIhre personenbezogenen Daten erheben, verarbeiten oder nutzen wir innerhalb unseres Internetangebots nur dann, wenn Sie<br \/>\n\u2022\u00a0\u00a0\u00a0 uns eine Anfrage \u00fcber das Kontaktformular senden<br \/>\n\u2022\u00a0\u00a0\u00a0 uns eine Email senden<br \/>\n\u2022\u00a0\u00a0\u00a0 einen Newsletter bestellen<br \/>\nund die f\u00fcr die Bearbeitung Ihres Anliegens notwendigen Daten senden.<br \/>\nSie sind in der Lage, selbst zu entscheiden, ob und welche Daten Sie an uns \u00fcbermitteln.<\/p>\n<p><strong>Sicherheit<\/strong><br \/>\nWir treffen technische und organisatorische Ma\u00dfnahmen, um die Sicherheit Ihrer personenbezogenen Daten zu gew\u00e4hrleisten.<br \/>\nIhre Daten werden vor Verlust, Zerst\u00f6rung, Verf\u00e4lschung, Manipulation und unberechtigtem Zugriff gesch\u00fctzt.<\/p>\n<p><strong>Links zu anderen Websites<\/strong><br \/>\nVerkn\u00fcpfungen (\u201eLinks\u201c) zu Websites Dritter werden als zus\u00e4tzlicher Service zur Verf\u00fcgung gestellt. Diese Websites sind vollkommen unabh\u00e4ngig und liegen\u00a0 au\u00dferhalb der Kontrolle des Herausgebers. Der Herausgeber haftet nicht f\u00fcr die Inhalte der Websites Dritter, auf die Sie \u00fcber die Websites zugreifen und \u00fcbernimmt keinerlei Verantwortung f\u00fcr den Inhalt, die Datenschutzbestimmungen oder die Nutzung solcher Websites.<\/p>\n<p><strong>Copyright \u00a9\u00a0Reuter GmbH &amp; Co. KG<\/strong><br \/>\nDer Inhalt dieser Website ist urheberrechtlich gesch\u00fctzt. S\u00e4mtliche Inhalte, Texte, Bilder und Grafiken dieser Website d\u00fcrfen nicht in irgendeiner Form ge\u00e4ndert, zur Weitergabe kopiert, reproduziert oder unter Verwendung elektronischer Systeme verarbeitet, vervielf\u00e4ltigt oder verbreitet werden. Einige Websites enthalten auch Bilder und Logos, die dem Urheberrecht derjenigen unterliegen, die diese zur Verf\u00fcgung gestellt haben.<\/p>\n<p><strong>Datenschutzerkl\u00e4rung \u2013 Einsatz von Google Analytics<\/strong><br \/>\nDiese Website benutzt Google Analytics, einen Webanalysedienst der Google Inc. (\u201eGoogle\u201c). Google Analytics verwendet sog. \u201eCookies\u201c, Textdateien, die auf Ihrem Computer gespeichert werden und die eine Analyse der Benutzung der Website durch Sie erm\u00f6glichen. Die durch den Cookie erzeugten Informationen \u00fcber Ihre Benutzung dieser Website werden in der Regel an einen Server von Google in den USA \u00fcbertragen und dort gespeichert. Im Falle der Aktivierung der IP-Anonymisierung auf dieser Webseite, wird Ihre IP-Adresse von Google jedoch innerhalb von Mitgliedstaaten der Europ\u00e4ischen Union oder in anderen Vertragsstaaten des Abkommens \u00fcber den Europ\u00e4ischen Wirtschaftsraum zuvor gek\u00fcrzt. Nur in Ausnahmef\u00e4llen wird die volle IP-Adresse an einen Server von Google in den USA \u00fcbertragen und dort gek\u00fcrzt. Im Auftrag des Betreibers dieser Website wird Google diese Informationen benutzen, um Ihre Nutzung der Website auszuwerten, um Reports \u00fcber die Websiteaktivit\u00e4ten zusammenzustellen und um weitere mit der Websitenutzung und der Internetnutzung verbundene Dienstleistungen gegen\u00fcber dem Websitebetreiber zu erbringen. Die im Rahmen von Google Analytics von Ihrem Browser \u00fcbermittelte IP-Adresse wird nicht mit anderen Daten von Google zusammengef\u00fchrt. Sie k\u00f6nnen die Speicherung der Cookies durch eine entsprechende Einstellung Ihrer Browser-Software verhindern; wir weisen Sie jedoch darauf hin, dass Sie in diesem Fall gegebenenfalls nicht s\u00e4mtliche Funktionen dieser Website vollumf\u00e4nglich werden nutzen k\u00f6nnen. Sie k\u00f6nnen dar\u00fcber hinaus die Erfassung der durch das Cookie erzeugten und auf Ihre Nutzung der Website bezogenen Daten (inkl. Ihrer IP-Adresse) an Google sowie die Verarbeitung dieser Daten durch Google\u00a0 verhindern, indem sie das unter dem folgenden Link verf\u00fcgbare Browser-Plugin herunterladen und installieren: http:\/\/tools.google.com\/dlpage\/gaoptout<br \/>\n[\/et_pb_text][\/et_pb_column][\/et_pb_row][\/et_pb_section]<\/p>\n","protected":false},"excerpt":{"rendered":"<p>[et_pb_section fb_built=&#8221;1&#8243; custom_padding_last_edited=&#8221;on|desktop&#8221; admin_label=&#8221;Section&#8221; _builder_version=&#8221;3.22.3&#8243; background_color=&#8221;#eef0f3&#8243; background_image=&#8221;https:\/\/reuter.works\/wp-content\/uploads\/2016\/11\/Fond_Verfahren.png&#8221; custom_padding=&#8221;100px||100px|&#8221; custom_padding_tablet=&#8221;50px|0|50px|0&#8243; transparent_background=&#8221;off&#8221; padding_mobile=&#8221;off&#8221; make_fullwidth=&#8221;off&#8221; use_custom_width=&#8221;off&#8221; width_unit=&#8221;on&#8221;][et_pb_row padding_mobile=&#8221;off&#8221; column_padding_mobile=&#8221;on&#8221; parallax_method_1=&#8221;off&#8221; admin_label=&#8221;Row&#8221; _builder_version=&#8221;3.22.3&#8243; background_size=&#8221;initial&#8221; background_position=&#8221;top_left&#8221; background_repeat=&#8221;repeat&#8221; make_fullwidth=&#8221;off&#8221; use_custom_width=&#8221;off&#8221; width_unit=&#8221;on&#8221;][et_pb_column type=&#8221;4_4&#8243; _builder_version=&#8221;3.0.47&#8243;][et_pb_text admin_label=&#8221;HL Elektrochemisch&#8221; _builder_version=&#8221;3.0.87&#8243; header_text_color=&#8221;#fa8704&#8243; header_font_size=&#8221;36px&#8221; header_font_size_tablet=&#8221;28px&#8221; header_font_size_phone=&#8221;26px&#8221; header_font_size_last_edited=&#8221;on|phone&#8221; background_size=&#8221;initial&#8221; background_position=&#8221;top_left&#8221; background_repeat=&#8221;repeat&#8221; text_orientation=&#8221;center&#8221; module_alignment=&#8221;center&#8221; custom_margin=&#8221;-40px|||&#8221; use_border_color=&#8221;off&#8221; border_color=&#8221;#ffffff&#8221; border_style=&#8221;solid&#8221;] Electrochemical [\/et_pb_text][et_pb_text admin_label=&#8221;HL Reinigen, Polieren, Signieren&#8221; _builder_version=&#8221;3.0.87&#8243; text_line_height=&#8221;1em&#8221; header_font_size=&#8221;52px&#8221; header_font_size_tablet=&#8221;48px&#8221; header_font_size_phone=&#8221;32px&#8221; [&hellip;]<\/p>\n","protected":false},"author":1,"featured_media":0,"parent":0,"menu_order":0,"comment_status":"closed","ping_status":"closed","template":"","meta":{"_et_pb_use_builder":"on","_et_pb_old_content":"","footnotes":""},"class_list":["post-4475","page","type-page","status-publish","hentry"],"_links":{"self":[{"href":"https:\/\/reuter.works\/en\/wp-json\/wp\/v2\/pages\/4475","targetHints":{"allow":["GET"]}}],"collection":[{"href":"https:\/\/reuter.works\/en\/wp-json\/wp\/v2\/pages"}],"about":[{"href":"https:\/\/reuter.works\/en\/wp-json\/wp\/v2\/types\/page"}],"author":[{"embeddable":true,"href":"https:\/\/reuter.works\/en\/wp-json\/wp\/v2\/users\/1"}],"replies":[{"embeddable":true,"href":"https:\/\/reuter.works\/en\/wp-json\/wp\/v2\/comments?post=4475"}],"version-history":[{"count":0,"href":"https:\/\/reuter.works\/en\/wp-json\/wp\/v2\/pages\/4475\/revisions"}],"wp:attachment":[{"href":"https:\/\/reuter.works\/en\/wp-json\/wp\/v2\/media?parent=4475"}],"curies":[{"name":"wp","href":"https:\/\/api.w.org\/{rel}","templated":true}]}}